{"id":108,"date":"2021-09-02T14:48:17","date_gmt":"2021-09-02T14:48:17","guid":{"rendered":"https:\/\/diegol.top\/cursos\/?page_id=108"},"modified":"2021-09-02T14:48:19","modified_gmt":"2021-09-02T14:48:19","slug":"politica-de-cookies","status":"publish","type":"page","link":"https:\/\/diegol.top\/cursos\/politica-de-cookies\/","title":{"rendered":"Pol\u00edtica de Cookies"},"content":{"rendered":"\n<h2 class=\"wp-block-heading\">\u00bfQu\u00e9 son las cookies?<\/h2>\n\n\n\n<p>Una cookie es un fichero que se descarga en tu ordenador al acceder a determinadas p\u00e1ginas web. Las cookies permiten a una p\u00e1gina web, entre otras cosas, almacenar y recuperar informaci\u00f3n sobre los h\u00e1bitos de navegaci\u00f3n de un usuario o de tu equipo y, dependiendo de la informaci\u00f3n que contengan y de la forma en que utilices tu equipo, pueden utilizarse para reconocer al usuario.<\/p>\n\n\n\n<p>El navegador del usuario memoriza cookies en el disco duro solamente durante la sesi\u00f3n actual ocupando un espacio de memoria m\u00ednimo y no perjudicando al ordenador. Las cookies no contienen ninguna clase de informaci\u00f3n personal espec\u00edfica, y la mayor\u00eda de las mismas se borran del disco duro al finalizar la sesi\u00f3n de navegador (las denominadas cookies de sesi\u00f3n).<\/p>\n\n\n\n<p>La mayor\u00eda de los navegadores aceptan como est\u00e1ndar a las cookies y, con independencia de las mismas, permiten o impiden en los ajustes de seguridad las cookies temporales o memorizadas.<\/p>\n\n\n\n<p>Sin tu expreso consentimiento \u2013mediante la activaci\u00f3n de las cookies en tu navegador\u2013 diegol.top\/cursos no enlazar\u00e1 en las cookies los datos memorizados con tus datos personales proporcionados en el momento del registro o la compra..<\/p>\n\n\n\n<h2 class=\"wp-block-heading\">\u00bfQu\u00e9 tipos de cookies utiliza esta p\u00e1gina web?<\/h2>\n\n\n\n<p>\u2013&nbsp;<strong>Cookies t\u00e9cnicas<\/strong>: Son aqu\u00e9llas que permiten al usuario la navegaci\u00f3n a trav\u00e9s de una p\u00e1gina web, plataforma o aplicaci\u00f3n y la utilizaci\u00f3n de las diferentes opciones o servicios que en ella existan como, por ejemplo, controlar el tr\u00e1fico y la comunicaci\u00f3n de datos, identificar la sesi\u00f3n, acceder a partes de acceso restringido, recordar los elementos que integran un pedido, realizar el proceso de compra de un pedido, realizar la solicitud de inscripci\u00f3n o participaci\u00f3n en un evento, utilizar elementos de seguridad durante la navegaci\u00f3n, almacenar contenidos para la difusi\u00f3n de videos o sonido o compartir contenidos a trav\u00e9s de redes sociales.<\/p>\n\n\n\n<ul class=\"wp-block-list\"><li>moove-gdpr-popup: Esta cookie nos permite saber si t\u00fa has decidido instalar o no las cookies de nuestro sitio en tu ordenador. Host: https:\/\/diegol.top\/cursos<\/li><li>wordpress_test_cookie: La finalidad de esta cookie es conocer si el navegador del usuario acepta cookies. Host: https:\/\/diegol.top\/cursos<\/li><li>wp-settings- y wp-settings-time-: Se utilizan para personalizar para cada usuario la vista de la interfaz y del panel de administraci\u00f3n del sitio web. \u00a0Host:\u00a0https:\/\/diegol.top\/cursos<\/li><li>PHPSESSID:\u00a0usado por el lenguaje de encriptado PHP para permitir que las variables de SESI\u00d3N sean guardadas en el servidor web. Esta cookies es esencial para el funcionamiento de la web.\u00a0Host: https:\/\/diegol.top\/cursos<\/li><li>wordpress_logged_in_(ID_session):\u00a0La finalidad de esta cookie es mantener la sesi\u00f3n del usuario abierta en el sistema.\u00a0Host: https:\/\/diegol.top\/cursos<\/li><\/ul>\n\n\n\n<p>El siguiente grupo de cookies tienen como objetivo realizar un seguimiento en nuestros test a\/b, pruebas orientadas a detectar oportunidades de mejora en el sitio de <span style=\"font-family: -apple-system, BlinkMacSystemFont, &quot;Segoe UI&quot;, Roboto, Oxygen-Sans, Ubuntu, Cantarell, &quot;Helvetica Neue&quot;, sans-serif; font-size: 1rem; font-weight: inherit;\">diegol.top\/cursos<\/span>. El objetivo es mostrar dos versiones de la p\u00e1gina a diferentes usuarios y saber cu\u00e1l es la que mejor funciona. No almacenan ning\u00fan tipo de informaci\u00f3n personal.<\/p>\n\n\n\n<ul class=\"wp-block-list\"><li>_vwo_uuid: Esta cookie se genera por cada usuario \u00fanico y su objetivo es segmentar para las campa\u00f1as de test a\/b que realizamos en diegol.top\/cursos.\u00a0Host: https:\/\/diegol.top\/cursos<\/li><li>_vis_opt_test_cookie: Nos permite saber si el navegador del usuario tiene las cookies activadas para poder realizar nuestros test a\/b correctamente.\u00a0Host: https:\/\/diegol.top\/cursos<\/li><li>_vis_opt_s: Nos permite saber si el usuario es nuevo o recurrente de cara a una campa\u00f1a de test a\/b.\u00a0Host: https:\/\/diegol.top\/cursos<\/li><li>_vis_opt_exp_EXPERIMENT_ID_goal_GOAL_ID: Se genera cuando un objetivo del test a\/b es conseguido y nos permite realizar un seguimiento estad\u00edstico de consecuci\u00f3n de objetivos.\u00a0Host: https:\/\/diegol.top\/cursos<\/li><li>_vis_opt_exp_EXPERIMENT_ID_combi: Mediante esta cookie sabemos que versi\u00f3n de la web (en los test a\/b) es la \u00faltima que ha visto el usuario y le volvemos a ense\u00f1ar la misma en tu pr\u00f3xima visita.\u00a0Host: https:\/\/diegol.top\/cursos<\/li><li>_vis_opt_exp_EXPERIMENT_ID_exclude: Esta cookie se instala para saber que un usuario ha sido exclu\u00eddo de una campa\u00f1a de test a\/b.<\/li><li>_vis_opt_exp_EXPERIMENT_ID_split: Esta cookie se genera durante la realizaci\u00f3n de un test de tipo split.<\/li><\/ul>\n\n\n\n<p><strong>\u2013 Cookies de an\u00e1lisis<\/strong>: Son aqu\u00e9llas que bien tratadas por nosotros o por terceros, nos permiten cuantificar el n\u00famero de usuarios y as\u00ed realizar la medici\u00f3n y an\u00e1lisis estad\u00edstico de la utilizaci\u00f3n que hacen los usuarios del servicio ofertado. Para ello se analiza tu navegaci\u00f3n en nuestra p\u00e1gina web con el fin de mejorar la oferta de productos o servicios que le ofrecemos.<\/p>\n\n\n\n<p>Este sitio Web utiliza Google Analytics, un servicio anal\u00edtico de web prestado por Google, Inc. con domicilio en los Estados Unidos con sede central en 1600 Amphitheatre Parkway, Mountain View, California 94043. Para la prestaci\u00f3n de estos servicios, estos utilizan 4 cookies. Utilizamos la informaci\u00f3n para elaborar informes y ayudar a mejorar el sitio. Las cookies recopilan informaci\u00f3n de forma an\u00f3nima, incluyendo el n\u00famero de visitantes, de d\u00f3nde vienen y las p\u00e1ginas que han visitado en nuestra web en los t\u00e9rminos fijados en la Web Google.com.&nbsp;<a href=\"https:\/\/developers.google.com\/analytics\/devguides\/collection\/analyticsjs\/cookie-usage?hl=es-ES&amp;csw=1\" target=\"_blank\" rel=\"noreferrer noopener\">Conceptos sobre cookies de Google Analytics<\/a>.<\/p>\n\n\n\n<ul class=\"wp-block-list\"><li>Las cookies que se instalan son:&nbsp;_ga y&nbsp;_gat. Su&nbsp;Host es: http:\/\/google.com<\/li><\/ul>\n\n\n\n<p><strong>\u00bfQui\u00e9n usa la informaci\u00f3n almacenada en las cookies?<br><\/strong>La informaci\u00f3n almacenada en las cookies de nuestro sitio web es usada exclusivamente por nosotros, a excepci\u00f3n de la de Google Analytics, que es usada y gestionada por Google y por nosotros con fines estad\u00edsticos.<\/p>\n\n\n\n<p><strong>El Usuario acepta expresamente, por la utilizaci\u00f3n de este Site, el tratamiento de la informaci\u00f3n recabada en la forma y con los fines anteriormente mencionados.<\/strong>&nbsp;Y asimismo reconoce conocer la posibilidad de rechazar el tratamiento de tales datos o informaci\u00f3n rechazando el uso de Cookies mediante la selecci\u00f3n de la configuraci\u00f3n apropiada a tal fin en tu navegador. Si bien esta opci\u00f3n de bloqueo de Cookies en tu navegador puede no permitirle el uso pleno de todas las funcionalidades del Website.<\/p>\n\n\n\n<p>Puedes permitir, bloquear o eliminar las cookies instaladas en tu equipo mediante la configuraci\u00f3n de las opciones del navegador instalado en tu ordenador:<\/p>\n\n\n\n<p><a href=\"http:\/\/support.google.com\/chrome\/bin\/answer.py?hl=es&amp;answer=95647\" target=\"_blank\" rel=\"noreferrer noopener\">Chrome<\/a><br><a href=\"https:\/\/privacy.microsoft.com\/es-es\/windows-10-microsoft-edge-and-privacy\" target=\"_blank\" rel=\"noreferrer noopener\">Microsoft Edge<\/a><br><a href=\"http:\/\/support.mozilla.org\/es\/kb\/habilitar-y-deshabilitar-cookies-que-los-sitios-we\" target=\"_blank\" rel=\"noreferrer noopener\">Firefox<\/a><br><a href=\"https:\/\/support.apple.com\/es-es\/guide\/safari\/sfri11471\/mac\" target=\"_blank\" rel=\"noreferrer noopener\">Safari<\/a><\/p>\n\n\n\n<p>Si tienes dudas sobre esta pol\u00edtica de cookies, puedes contactar con nosotros en: soporte@<span style=\"font-family: -apple-system, BlinkMacSystemFont, &quot;Segoe UI&quot;, Roboto, Oxygen-Sans, Ubuntu, Cantarell, &quot;Helvetica Neue&quot;, sans-serif; font-size: 1rem; font-weight: inherit;\">diegol.top<\/span><\/p>\n\n\n\n<p><strong>Revocar las cookies<\/strong><\/p>\n\n\n\n<p>Si s\u00ed lo deseas puedes modificar tu decisi\u00f3n de aceptar las cookies de este sitio en cualquier momento usando el bot\u00f3n con forma de engranaje que est\u00e1 flotando a tu izquierda.<\/p>\n","protected":false},"excerpt":{"rendered":"<p>\u00bfQu\u00e9 son las cookies? Una cookie es un fichero que se descarga en tu ordenador al acceder a determinadas p\u00e1ginas web. Las cookies permiten a una p\u00e1gina web, entre otras cosas, almacenar y recuperar informaci\u00f3n sobre los h\u00e1bitos de navegaci\u00f3n de un usuario o de tu equipo y, dependiendo de la informaci\u00f3n que contengan y &hellip;<\/p>\n<p class=\"read-more\"> <a class=\"\" href=\"https:\/\/diegol.top\/cursos\/politica-de-cookies\/\"> <span class=\"screen-reader-text\">Pol\u00edtica de Cookies<\/span> Leer m\u00e1s &raquo;<\/a><\/p>\n","protected":false},"author":1,"featured_media":0,"parent":0,"menu_order":0,"comment_status":"closed","ping_status":"closed","template":"","meta":{"site-sidebar-layout":"default","site-content-layout":"default","ast-site-content-layout":"","site-content-style":"default","site-sidebar-style":"default","ast-global-header-display":"","ast-banner-title-visibility":"","ast-main-header-display":"","ast-hfb-above-header-display":"","ast-hfb-below-header-display":"","ast-hfb-mobile-header-display":"","site-post-title":"","ast-breadcrumbs-content":"","ast-featured-img":"","footer-sml-layout":"","theme-transparent-header-meta":"default","adv-header-id-meta":"","stick-header-meta":"","header-above-stick-meta":"","header-main-stick-meta":"","header-below-stick-meta":"","astra-migrate-meta-layouts":"","footnotes":""},"class_list":["post-108","page","type-page","status-publish","hentry"],"yoast_head":"<!-- This site is optimized with the Yoast SEO plugin v20.13 - https:\/\/yoast.com\/wordpress\/plugins\/seo\/ -->\n<title>Pol\u00edtica de Cookies - Cursos de WooCommerce<\/title>\n<meta name=\"robots\" content=\"noindex, follow\" \/>\n<meta property=\"og:locale\" content=\"es_ES\" \/>\n<meta property=\"og:type\" content=\"article\" \/>\n<meta property=\"og:title\" content=\"Pol\u00edtica de Cookies - Cursos de WooCommerce\" \/>\n<meta property=\"og:description\" content=\"\u00bfQu\u00e9 son las cookies? Una cookie es un fichero que se descarga en tu ordenador al acceder a determinadas p\u00e1ginas web. Las cookies permiten a una p\u00e1gina web, entre otras cosas, almacenar y recuperar informaci\u00f3n sobre los h\u00e1bitos de navegaci\u00f3n de un usuario o de tu equipo y, dependiendo de la informaci\u00f3n que contengan y &hellip; Pol\u00edtica de Cookies Leer m\u00e1s &raquo;\" \/>\n<meta property=\"og:url\" content=\"https:\/\/diegol.top\/cursos\/politica-de-cookies\/\" \/>\n<meta property=\"og:site_name\" content=\"Cursos de WooCommerce\" \/>\n<meta property=\"article:modified_time\" content=\"2021-09-02T14:48:19+00:00\" \/>\n<meta name=\"twitter:card\" content=\"summary_large_image\" \/>\n<meta name=\"twitter:label1\" content=\"Tiempo de lectura\" \/>\n\t<meta name=\"twitter:data1\" content=\"5 minutos\" \/>\n<script type=\"application\/ld+json\" class=\"yoast-schema-graph\">{\"@context\":\"https:\/\/schema.org\",\"@graph\":[{\"@type\":\"WebPage\",\"@id\":\"https:\/\/diegol.top\/cursos\/politica-de-cookies\/\",\"url\":\"https:\/\/diegol.top\/cursos\/politica-de-cookies\/\",\"name\":\"Pol\u00edtica de Cookies - Cursos de WooCommerce\",\"isPartOf\":{\"@id\":\"https:\/\/diegol.top\/cursos\/#website\"},\"datePublished\":\"2021-09-02T14:48:17+00:00\",\"dateModified\":\"2021-09-02T14:48:19+00:00\",\"breadcrumb\":{\"@id\":\"https:\/\/diegol.top\/cursos\/politica-de-cookies\/#breadcrumb\"},\"inLanguage\":\"es\",\"potentialAction\":[{\"@type\":\"ReadAction\",\"target\":[\"https:\/\/diegol.top\/cursos\/politica-de-cookies\/\"]}]},{\"@type\":\"BreadcrumbList\",\"@id\":\"https:\/\/diegol.top\/cursos\/politica-de-cookies\/#breadcrumb\",\"itemListElement\":[{\"@type\":\"ListItem\",\"position\":1,\"name\":\"Portada\",\"item\":\"https:\/\/diegol.top\/cursos\/\"},{\"@type\":\"ListItem\",\"position\":2,\"name\":\"Pol\u00edtica de Cookies\"}]},{\"@type\":\"WebSite\",\"@id\":\"https:\/\/diegol.top\/cursos\/#website\",\"url\":\"https:\/\/diegol.top\/cursos\/\",\"name\":\"Cursos de WooCommerce\",\"description\":\"By diegol.com\",\"publisher\":{\"@id\":\"https:\/\/diegol.top\/cursos\/#organization\"},\"potentialAction\":[{\"@type\":\"SearchAction\",\"target\":{\"@type\":\"EntryPoint\",\"urlTemplate\":\"https:\/\/diegol.top\/cursos\/?s={search_term_string}\"},\"query-input\":\"required name=search_term_string\"}],\"inLanguage\":\"es\"},{\"@type\":\"Organization\",\"@id\":\"https:\/\/diegol.top\/cursos\/#organization\",\"name\":\"Cursos de WooCommerce\",\"url\":\"https:\/\/diegol.top\/cursos\/\",\"logo\":{\"@type\":\"ImageObject\",\"inLanguage\":\"es\",\"@id\":\"https:\/\/diegol.top\/cursos\/#\/schema\/logo\/image\/\",\"url\":\"https:\/\/diegol.top\/cursos\/wp-content\/uploads\/2021\/09\/logo-diegol.png\",\"contentUrl\":\"https:\/\/diegol.top\/cursos\/wp-content\/uploads\/2021\/09\/logo-diegol.png\",\"width\":187,\"height\":100,\"caption\":\"Cursos de WooCommerce\"},\"image\":{\"@id\":\"https:\/\/diegol.top\/cursos\/#\/schema\/logo\/image\/\"}}]}<\/script>\n<!-- \/ Yoast SEO plugin. -->","yoast_head_json":{"title":"Pol\u00edtica de Cookies - Cursos de WooCommerce","robots":{"index":"noindex","follow":"follow"},"og_locale":"es_ES","og_type":"article","og_title":"Pol\u00edtica de Cookies - Cursos de WooCommerce","og_description":"\u00bfQu\u00e9 son las cookies? Una cookie es un fichero que se descarga en tu ordenador al acceder a determinadas p\u00e1ginas web. Las cookies permiten a una p\u00e1gina web, entre otras cosas, almacenar y recuperar informaci\u00f3n sobre los h\u00e1bitos de navegaci\u00f3n de un usuario o de tu equipo y, dependiendo de la informaci\u00f3n que contengan y &hellip; Pol\u00edtica de Cookies Leer m\u00e1s &raquo;","og_url":"https:\/\/diegol.top\/cursos\/politica-de-cookies\/","og_site_name":"Cursos de WooCommerce","article_modified_time":"2021-09-02T14:48:19+00:00","twitter_card":"summary_large_image","twitter_misc":{"Tiempo de lectura":"5 minutos"},"schema":{"@context":"https:\/\/schema.org","@graph":[{"@type":"WebPage","@id":"https:\/\/diegol.top\/cursos\/politica-de-cookies\/","url":"https:\/\/diegol.top\/cursos\/politica-de-cookies\/","name":"Pol\u00edtica de Cookies - Cursos de WooCommerce","isPartOf":{"@id":"https:\/\/diegol.top\/cursos\/#website"},"datePublished":"2021-09-02T14:48:17+00:00","dateModified":"2021-09-02T14:48:19+00:00","breadcrumb":{"@id":"https:\/\/diegol.top\/cursos\/politica-de-cookies\/#breadcrumb"},"inLanguage":"es","potentialAction":[{"@type":"ReadAction","target":["https:\/\/diegol.top\/cursos\/politica-de-cookies\/"]}]},{"@type":"BreadcrumbList","@id":"https:\/\/diegol.top\/cursos\/politica-de-cookies\/#breadcrumb","itemListElement":[{"@type":"ListItem","position":1,"name":"Portada","item":"https:\/\/diegol.top\/cursos\/"},{"@type":"ListItem","position":2,"name":"Pol\u00edtica de Cookies"}]},{"@type":"WebSite","@id":"https:\/\/diegol.top\/cursos\/#website","url":"https:\/\/diegol.top\/cursos\/","name":"Cursos de WooCommerce","description":"By diegol.com","publisher":{"@id":"https:\/\/diegol.top\/cursos\/#organization"},"potentialAction":[{"@type":"SearchAction","target":{"@type":"EntryPoint","urlTemplate":"https:\/\/diegol.top\/cursos\/?s={search_term_string}"},"query-input":"required name=search_term_string"}],"inLanguage":"es"},{"@type":"Organization","@id":"https:\/\/diegol.top\/cursos\/#organization","name":"Cursos de WooCommerce","url":"https:\/\/diegol.top\/cursos\/","logo":{"@type":"ImageObject","inLanguage":"es","@id":"https:\/\/diegol.top\/cursos\/#\/schema\/logo\/image\/","url":"https:\/\/diegol.top\/cursos\/wp-content\/uploads\/2021\/09\/logo-diegol.png","contentUrl":"https:\/\/diegol.top\/cursos\/wp-content\/uploads\/2021\/09\/logo-diegol.png","width":187,"height":100,"caption":"Cursos de WooCommerce"},"image":{"@id":"https:\/\/diegol.top\/cursos\/#\/schema\/logo\/image\/"}}]}},"_links":{"self":[{"href":"https:\/\/diegol.top\/cursos\/wp-json\/wp\/v2\/pages\/108","targetHints":{"allow":["GET"]}}],"collection":[{"href":"https:\/\/diegol.top\/cursos\/wp-json\/wp\/v2\/pages"}],"about":[{"href":"https:\/\/diegol.top\/cursos\/wp-json\/wp\/v2\/types\/page"}],"author":[{"embeddable":true,"href":"https:\/\/diegol.top\/cursos\/wp-json\/wp\/v2\/users\/1"}],"replies":[{"embeddable":true,"href":"https:\/\/diegol.top\/cursos\/wp-json\/wp\/v2\/comments?post=108"}],"version-history":[{"count":1,"href":"https:\/\/diegol.top\/cursos\/wp-json\/wp\/v2\/pages\/108\/revisions"}],"predecessor-version":[{"id":109,"href":"https:\/\/diegol.top\/cursos\/wp-json\/wp\/v2\/pages\/108\/revisions\/109"}],"wp:attachment":[{"href":"https:\/\/diegol.top\/cursos\/wp-json\/wp\/v2\/media?parent=108"}],"curies":[{"name":"wp","href":"https:\/\/api.w.org\/{rel}","templated":true}]}}